{"id":99584,"date":"2022-11-04T15:11:19","date_gmt":"2022-11-04T14:11:19","guid":{"rendered":"https:\/\/carnivores.zone\/produit\/cephalotus-follicularis-eberhard-konig\/"},"modified":"2023-05-09T20:07:25","modified_gmt":"2023-05-09T18:07:25","slug":"cephalotus-follicularis-eberhard-konig","status":"publish","type":"product","link":"https:\/\/carnivores.zone\/en\/produit\/cephalotus-follicularis-eberhard-konig\/","title":{"rendered":"Cephalotus follicularis Eberhard K\u00f6nig"},"content":{"rendered":"<p>In a 9 cm pot in a suitable substrate.<\/p>\n","protected":false},"excerpt":{"rendered":"<p style=\"margin: 0px;box-sizing: border-box;color: #2e2e2e;font-size: 14px\">A very vigorous clone of Cephalotus from the collection of Drs. Eberhard K\u00f6nig. In his laboratory near \u00dcberlingen on Lake Constance, Dr. K\u00f6nig has always done a lot of experiments, especially with carnivorous plants. On the one hand, interesting plants have emerged, such as the Dionaea &#8216;Trichterfalle&#8217;, but on the other hand, he has also selected special Cephalotus follicularis.<\/p>\n<p style=\"margin: 0px;box-sizing: border-box;color: #2e2e2e;font-size: 14px\">The jugs are more than 5 cm high and this plant turns dark red under optimal lighting conditions. The rim of the teeth appears particularly solid and forms a nice contrast with the rest of the jug and its very dark coloring.<\/p>\n","protected":false},"featured_media":97257,"template":"","meta":[],"product_brand":[],"product_cat":[1613],"product_tag":[1737,1614,1741,1742,1729,1743,1739,1736],"class_list":{"0":"post-99584","1":"product","2":"type-product","3":"status-publish","4":"has-post-thumbnail","6":"product_cat-cephalotus-en","7":"product_tag-australian-en","8":"product_tag-cephalotus-en","9":"product_tag-dr-en","10":"product_tag-eberhard-en","11":"product_tag-follicularis-en","12":"product_tag-konig-en","13":"product_tag-pitcher-en","14":"product_tag-plant-en","16":"first","17":"outofstock","18":"shipping-taxable","19":"purchasable","20":"product-type-simple"},"yoast_head":"<!-- This site is optimized with the Yoast SEO plugin v27.1.1 - https:\/\/yoast.com\/product\/yoast-seo-wordpress\/ -->\n<title>Cephalotus follicularis Eberhard K\u00f6nig - Carnivores.Zone<\/title>\n<meta name=\"robots\" content=\"index, follow, max-snippet:-1, max-image-preview:large, max-video-preview:-1\" \/>\n<link rel=\"canonical\" href=\"https:\/\/carnivores.zone\/en\/?post_type=product&p=99584\" \/>\n<meta property=\"og:locale\" content=\"en_US\" \/>\n<meta property=\"og:type\" content=\"article\" \/>\n<meta property=\"og:title\" content=\"Cephalotus follicularis Eberhard K\u00f6nig - Carnivores.Zone\" \/>\n<meta property=\"og:description\" content=\"A very vigorous clone of Cephalotus from the collection of Drs. Eberhard K\u00f6nig. In his laboratory near \u00dcberlingen on Lake Constance, Dr. K\u00f6nig has always done a lot of experiments, especially with carnivorous plants. On the one hand, interesting plants have emerged, such as the Dionaea &#039;Trichterfalle&#039;, but on the other hand, he has also selected special Cephalotus follicularis. The jugs are more than 5 cm high and this plant turns dark red under optimal lighting conditions. The rim of the teeth appears particularly solid and forms a nice contrast with the rest of the jug and its very dark coloring.\" \/>\n<meta property=\"og:url\" content=\"https:\/\/carnivores.zone\/en\/?post_type=product&amp;p=99584\" \/>\n<meta property=\"og:site_name\" content=\"Carnivores.Zone\" \/>\n<meta property=\"article:publisher\" content=\"https:\/\/www.facebook.com\/Carnivores.Zone\" \/>\n<meta property=\"article:modified_time\" content=\"2023-05-09T18:07:25+00:00\" \/>\n<meta property=\"og:image\" content=\"https:\/\/carnivores.zone\/wp-content\/uploads\/2022\/11\/Photo_1667570560805.jpg\" \/>\n\t<meta property=\"og:image:width\" content=\"700\" \/>\n\t<meta property=\"og:image:height\" content=\"700\" \/>\n\t<meta property=\"og:image:type\" content=\"image\/jpeg\" \/>\n<meta name=\"twitter:card\" content=\"summary_large_image\" \/>\n<meta name=\"twitter:site\" content=\"@CarnivoresZ\" \/>\n<script type=\"application\/ld+json\" class=\"yoast-schema-graph\">{\"@context\":\"https:\/\/schema.org\",\"@graph\":[{\"@type\":\"WebPage\",\"@id\":\"https:\/\/carnivores.zone\/en\/?post_type=product&p=99584\",\"url\":\"https:\/\/carnivores.zone\/en\/?post_type=product&p=99584\",\"name\":\"Cephalotus follicularis Eberhard K\u00f6nig - Carnivores.Zone\",\"isPartOf\":{\"@id\":\"https:\/\/carnivores.zone\/#website\"},\"primaryImageOfPage\":{\"@id\":\"https:\/\/carnivores.zone\/en\/?post_type=product&p=99584#primaryimage\"},\"image\":{\"@id\":\"https:\/\/carnivores.zone\/en\/?post_type=product&p=99584#primaryimage\"},\"thumbnailUrl\":\"https:\/\/carnivores.zone\/wp-content\/uploads\/2022\/11\/Photo_1667570560805.jpg\",\"datePublished\":\"2022-11-04T14:11:19+00:00\",\"dateModified\":\"2023-05-09T18:07:25+00:00\",\"breadcrumb\":{\"@id\":\"https:\/\/carnivores.zone\/en\/?post_type=product&p=99584#breadcrumb\"},\"inLanguage\":\"en-US\",\"potentialAction\":[{\"@type\":\"ReadAction\",\"target\":[\"https:\/\/carnivores.zone\/en\/?post_type=product&p=99584\"]}]},{\"@type\":\"ImageObject\",\"inLanguage\":\"en-US\",\"@id\":\"https:\/\/carnivores.zone\/en\/?post_type=product&p=99584#primaryimage\",\"url\":\"https:\/\/carnivores.zone\/wp-content\/uploads\/2022\/11\/Photo_1667570560805.jpg\",\"contentUrl\":\"https:\/\/carnivores.zone\/wp-content\/uploads\/2022\/11\/Photo_1667570560805.jpg\",\"width\":700,\"height\":700},{\"@type\":\"BreadcrumbList\",\"@id\":\"https:\/\/carnivores.zone\/en\/?post_type=product&p=99584#breadcrumb\",\"itemListElement\":[{\"@type\":\"ListItem\",\"position\":1,\"name\":\"Accueil\",\"item\":\"https:\/\/carnivores.zone\/en\/\"},{\"@type\":\"ListItem\",\"position\":2,\"name\":\"Our Catalog\",\"item\":\"https:\/\/carnivores.zone\/en\/tous-les-produits\/\"},{\"@type\":\"ListItem\",\"position\":3,\"name\":\"Cephalotus follicularis Eberhard K\u00f6nig\"}]},{\"@type\":\"WebSite\",\"@id\":\"https:\/\/carnivores.zone\/#website\",\"url\":\"https:\/\/carnivores.zone\/\",\"name\":\"Carnivores.Zone\",\"description\":\"Sale of carnivorous plants between individuals\",\"publisher\":{\"@id\":\"https:\/\/carnivores.zone\/#organization\"},\"potentialAction\":[{\"@type\":\"SearchAction\",\"target\":{\"@type\":\"EntryPoint\",\"urlTemplate\":\"https:\/\/carnivores.zone\/?s={search_term_string}\"},\"query-input\":{\"@type\":\"PropertyValueSpecification\",\"valueRequired\":true,\"valueName\":\"search_term_string\"}}],\"inLanguage\":\"en-US\"},{\"@type\":\"Organization\",\"@id\":\"https:\/\/carnivores.zone\/#organization\",\"name\":\"Carnivores.Zone\",\"url\":\"https:\/\/carnivores.zone\/\",\"logo\":{\"@type\":\"ImageObject\",\"inLanguage\":\"en-US\",\"@id\":\"https:\/\/carnivores.zone\/#\/schema\/logo\/image\/\",\"url\":\"https:\/\/carnivores.zone\/wp-content\/uploads\/2019\/05\/logo_carnivores_zone_200.png\",\"contentUrl\":\"https:\/\/carnivores.zone\/wp-content\/uploads\/2019\/05\/logo_carnivores_zone_200.png\",\"width\":200,\"height\":199,\"caption\":\"Carnivores.Zone\"},\"image\":{\"@id\":\"https:\/\/carnivores.zone\/#\/schema\/logo\/image\/\"},\"sameAs\":[\"https:\/\/www.facebook.com\/Carnivores.Zone\",\"https:\/\/x.com\/CarnivoresZ\",\"https:\/\/www.instagram.com\/carnivores.zone\/\",\"https:\/\/www.youtube.com\/channel\/UCpoNl8t1IKC2XQzwV07sHZg\"]}]}<\/script>\n<!-- \/ Yoast SEO plugin. -->","yoast_head_json":{"title":"Cephalotus follicularis Eberhard K\u00f6nig - Carnivores.Zone","robots":{"index":"index","follow":"follow","max-snippet":"max-snippet:-1","max-image-preview":"max-image-preview:large","max-video-preview":"max-video-preview:-1"},"canonical":"https:\/\/carnivores.zone\/en\/?post_type=product&p=99584","og_locale":"en_US","og_type":"article","og_title":"Cephalotus follicularis Eberhard K\u00f6nig - Carnivores.Zone","og_description":"A very vigorous clone of Cephalotus from the collection of Drs. Eberhard K\u00f6nig. In his laboratory near \u00dcberlingen on Lake Constance, Dr. K\u00f6nig has always done a lot of experiments, especially with carnivorous plants. On the one hand, interesting plants have emerged, such as the Dionaea 'Trichterfalle', but on the other hand, he has also selected special Cephalotus follicularis. The jugs are more than 5 cm high and this plant turns dark red under optimal lighting conditions. The rim of the teeth appears particularly solid and forms a nice contrast with the rest of the jug and its very dark coloring.","og_url":"https:\/\/carnivores.zone\/en\/?post_type=product&p=99584","og_site_name":"Carnivores.Zone","article_publisher":"https:\/\/www.facebook.com\/Carnivores.Zone","article_modified_time":"2023-05-09T18:07:25+00:00","og_image":[{"width":700,"height":700,"url":"https:\/\/carnivores.zone\/wp-content\/uploads\/2022\/11\/Photo_1667570560805.jpg","type":"image\/jpeg"}],"twitter_card":"summary_large_image","twitter_site":"@CarnivoresZ","schema":{"@context":"https:\/\/schema.org","@graph":[{"@type":"WebPage","@id":"https:\/\/carnivores.zone\/en\/?post_type=product&p=99584","url":"https:\/\/carnivores.zone\/en\/?post_type=product&p=99584","name":"Cephalotus follicularis Eberhard K\u00f6nig - Carnivores.Zone","isPartOf":{"@id":"https:\/\/carnivores.zone\/#website"},"primaryImageOfPage":{"@id":"https:\/\/carnivores.zone\/en\/?post_type=product&p=99584#primaryimage"},"image":{"@id":"https:\/\/carnivores.zone\/en\/?post_type=product&p=99584#primaryimage"},"thumbnailUrl":"https:\/\/carnivores.zone\/wp-content\/uploads\/2022\/11\/Photo_1667570560805.jpg","datePublished":"2022-11-04T14:11:19+00:00","dateModified":"2023-05-09T18:07:25+00:00","breadcrumb":{"@id":"https:\/\/carnivores.zone\/en\/?post_type=product&p=99584#breadcrumb"},"inLanguage":"en-US","potentialAction":[{"@type":"ReadAction","target":["https:\/\/carnivores.zone\/en\/?post_type=product&p=99584"]}]},{"@type":"ImageObject","inLanguage":"en-US","@id":"https:\/\/carnivores.zone\/en\/?post_type=product&p=99584#primaryimage","url":"https:\/\/carnivores.zone\/wp-content\/uploads\/2022\/11\/Photo_1667570560805.jpg","contentUrl":"https:\/\/carnivores.zone\/wp-content\/uploads\/2022\/11\/Photo_1667570560805.jpg","width":700,"height":700},{"@type":"BreadcrumbList","@id":"https:\/\/carnivores.zone\/en\/?post_type=product&p=99584#breadcrumb","itemListElement":[{"@type":"ListItem","position":1,"name":"Accueil","item":"https:\/\/carnivores.zone\/en\/"},{"@type":"ListItem","position":2,"name":"Our Catalog","item":"https:\/\/carnivores.zone\/en\/tous-les-produits\/"},{"@type":"ListItem","position":3,"name":"Cephalotus follicularis Eberhard K\u00f6nig"}]},{"@type":"WebSite","@id":"https:\/\/carnivores.zone\/#website","url":"https:\/\/carnivores.zone\/","name":"Carnivores.Zone","description":"Sale of carnivorous plants between individuals","publisher":{"@id":"https:\/\/carnivores.zone\/#organization"},"potentialAction":[{"@type":"SearchAction","target":{"@type":"EntryPoint","urlTemplate":"https:\/\/carnivores.zone\/?s={search_term_string}"},"query-input":{"@type":"PropertyValueSpecification","valueRequired":true,"valueName":"search_term_string"}}],"inLanguage":"en-US"},{"@type":"Organization","@id":"https:\/\/carnivores.zone\/#organization","name":"Carnivores.Zone","url":"https:\/\/carnivores.zone\/","logo":{"@type":"ImageObject","inLanguage":"en-US","@id":"https:\/\/carnivores.zone\/#\/schema\/logo\/image\/","url":"https:\/\/carnivores.zone\/wp-content\/uploads\/2019\/05\/logo_carnivores_zone_200.png","contentUrl":"https:\/\/carnivores.zone\/wp-content\/uploads\/2019\/05\/logo_carnivores_zone_200.png","width":200,"height":199,"caption":"Carnivores.Zone"},"image":{"@id":"https:\/\/carnivores.zone\/#\/schema\/logo\/image\/"},"sameAs":["https:\/\/www.facebook.com\/Carnivores.Zone","https:\/\/x.com\/CarnivoresZ","https:\/\/www.instagram.com\/carnivores.zone\/","https:\/\/www.youtube.com\/channel\/UCpoNl8t1IKC2XQzwV07sHZg"]}]}},"_links":{"self":[{"href":"https:\/\/carnivores.zone\/en\/wp-json\/wp\/v2\/product\/99584","targetHints":{"allow":["GET"]}}],"collection":[{"href":"https:\/\/carnivores.zone\/en\/wp-json\/wp\/v2\/product"}],"about":[{"href":"https:\/\/carnivores.zone\/en\/wp-json\/wp\/v2\/types\/product"}],"wp:featuredmedia":[{"embeddable":true,"href":"https:\/\/carnivores.zone\/en\/wp-json\/wp\/v2\/media\/97257"}],"wp:attachment":[{"href":"https:\/\/carnivores.zone\/en\/wp-json\/wp\/v2\/media?parent=99584"}],"wp:term":[{"taxonomy":"product_brand","embeddable":true,"href":"https:\/\/carnivores.zone\/en\/wp-json\/wp\/v2\/product_brand?post=99584"},{"taxonomy":"product_cat","embeddable":true,"href":"https:\/\/carnivores.zone\/en\/wp-json\/wp\/v2\/product_cat?post=99584"},{"taxonomy":"product_tag","embeddable":true,"href":"https:\/\/carnivores.zone\/en\/wp-json\/wp\/v2\/product_tag?post=99584"}],"curies":[{"name":"wp","href":"https:\/\/api.w.org\/{rel}","templated":true}]}}