{"id":112473,"date":"2024-04-07T08:21:58","date_gmt":"2024-04-07T06:21:58","guid":{"rendered":"https:\/\/carnivores.zone\/produit\/drosera-x-eloisiana-giant-2\/"},"modified":"2024-06-17T00:00:04","modified_gmt":"2024-06-16T22:00:04","slug":"drosera-x-eloisiana-giant-2","status":"publish","type":"product","link":"https:\/\/carnivores.zone\/en\/produit\/drosera-x-eloisiana-giant-2\/","title":{"rendered":"Dros\u00e9ra X Elo\u00efsiana Giant"},"content":{"rendered":"<p><span style=\"text-decoration: underline\">Sent in pots with a minimum of 2 plants!<\/span><\/p>\n<p class=\"MsoNormal\">Natural hybrid of Dros\u00e9ra Interm\u00e9dia and Dros\u00e9ra Rotundifolia.<\/p>\n<p class=\"MsoNormal\">Perennial plant, 7 cm in diameter.<\/p>\n<p class=\"MsoNormal\">Resistant to temperatures down to -5\u00b0c, it hibernates in winter, lives for several years and can be grown in full sun.<\/p>\n<p class=\"MsoNormal\">Growing conditions for Dros\u00e9ra X Elo\u00efsiana Giant:<\/p>\n<table class=\"MsoNormalTable aligncenter\" style=\"width: 678.75pt;border-collapse: collapse\" border=\"0\" width=\"0\" cellspacing=\"0\" cellpadding=\"0\">\n<tbody>\n<tr>\n<td style=\"width: 539.0pt;padding: 0cm 11.25pt 0cm 11.25pt\" valign=\"top\" width=\"883\">\n<p class=\"MsoNormal\" style=\"margin-bottom: .0001pt;line-height: normal\"><b><u><span style=\"font-size: 10.0pt;color: #403b34\">SUBSTRAT<\/span><\/u><\/b><\/p>\n<p class=\"MsoNormal\" style=\"margin-bottom: .0001pt;line-height: normal\"><span style=\"font-size: 10.0pt;color: #403b34\">Your choice :<\/span><\/p>\n<p><span style=\"font-size: 10.0pt\">-2\/3 white peat 1\/3 perlite<\/span><\/p>\n<p><span style=\"font-size: 10.0pt\">-2\/3 blond peat 1\/3 Loire sand&lt;== I recommend this one.<\/span><\/p>\n<\/td>\n<\/tr>\n<tr>\n<td style=\"width: 539.0pt;padding: 0cm 11.25pt 0cm 11.25pt\" valign=\"top\" width=\"883\">\n<p class=\"MsoNormal\" style=\"margin-bottom: .0001pt;line-height: normal\"><b><u><span style=\"font-size: 10.0pt;color: #403b34\">TEMPERATURE<\/span><\/u><\/b><\/p>\n<p><b><br \/>\n  <span style=\"font-size: 10.0pt\">Summer : <\/span><br \/>\n<\/b><span style=\"font-size: 10.0pt\">maximum 35\u00b0C, (can tolerate more provided it has a well-moistened substrate)<\/span> <b><br \/>\n  <span style=\"font-size: 10.0pt\">Winter:<\/span><br \/>\n<\/b><span style=\"font-size: 10.0pt\"> -5\u00b0C, can withstand frost in a cold greenhouse.<\/span><\/p>\n<p>Ideal temperatures: In the growing season 20-30 degrees, make sure not to exceed 40 degrees.<\/p>\n<p>In the dormant period 0-10 degrees, make sure not to go below -5 degrees.<\/p>\n<\/td>\n<\/tr>\n<tr>\n<td style=\"width: 552.65pt;padding: 0cm 11.25pt 0cm 11.25pt\" colspan=\"2\" valign=\"top\" width=\"905\">\n<p class=\"MsoNormal\" style=\"margin-bottom: .0001pt;line-height: normal\"><b><u><span style=\"font-size: 10.0pt;color: #403b34\">WATER and HYGROMETRY<\/span><\/u><\/b><\/p>\n<p><b><br \/>\n  <span style=\"font-size: 10.0pt\">Water:<\/span><br \/>\n<\/b><span style=\"font-size: 10.0pt\"> A saucer or tub with about two centimetres of water should submerge the base of the pot, or even up to the height of the pot in summer. In winter, the substrate should always be damp, but not soggy.<\/span> <b><br \/>\n  <span style=\"font-size: 10.0pt\">Hygrometry:<\/span><br \/>\n<\/b><span style=\"font-size: 10.0pt\"> Not important for this species.<\/span><\/td>\n<\/tr>\n<tr>\n<td style=\"width: 552.65pt;padding: 0cm 11.25pt 0cm 11.25pt\" colspan=\"2\" valign=\"top\" width=\"905\">\n<p class=\"MsoNormal\" style=\"margin-bottom: .0001pt;line-height: normal\"><b><u><span style=\"font-size: 10.0pt;color: #403b34\">LIGHT<\/span><\/u><\/b><\/p>\n<p><span style=\"font-size: 10.0pt\">High light levels, especially during the growing season. A good luminosity allows a beautiful coloration and a good development of the plant.<\/span><\/td>\n<\/tr>\n<tr>\n<td style=\"width: 539.0pt;padding: 0cm 11.25pt 0cm 11.25pt\" valign=\"top\" width=\"883\">\n<p class=\"MsoNormal\" style=\"margin-bottom: .0001pt;line-height: normal\"><b><br \/>\n  <u><br \/>\n    <span style=\"font-size: 10.0pt;color: #403b34\">DORMANT PERIOD<\/span><br \/>\n  <\/u><br \/>\n<\/b><b><br \/>\n  <span style=\"font-size: 10.0pt;color: #403b34\"> :<\/span><br \/>\n<\/b><\/p>\n<p class=\"MsoNormal\">Growing season: February to November.<\/p>\n<p class=\"MsoNormal\">Dormant period: November to January (during this period, watering should be limited to just a damp substrate).<\/p>\n<p>The plant loses all its traps and keeps all its energy in a kind of small bulb called hibernacle.<\/p>\n<\/td>\n<\/tr>\n<\/tbody>\n<\/table>\n<p class=\"MsoNormal\">\n<p><b><u><span style=\"font-size: 20.0pt;color: #0070c0\">Other plants in the store: <a href=\"https:\/\/carnivores.zone\/boutiques\/passion-devorante-de-jo\/\">here<\/a><\/span><\/u><\/b><\/p>\n","protected":false},"excerpt":{"rendered":"<p>Sent in pots with a minimum of 2 plants! Natural hybrid of Dros\u00e9ra Interm\u00e9dia and Dros\u00e9ra Rotundifolia. Perennial plant, 7 cm in diameter. Resistant to temperatures down to -5\u00b0c, it hibernates in winter, lives for several years and can be grown in full sun. Growing conditions for Dros\u00e9ra X Elo\u00efsiana Giant: SUBSTRAT Your choice : [&hellip;]<\/p>\n","protected":false},"featured_media":112448,"template":"","meta":[],"product_brand":[],"product_cat":[1451],"product_tag":[],"class_list":{"0":"post-112473","1":"product","2":"type-product","3":"status-publish","4":"has-post-thumbnail","6":"product_cat-drosera-en","7":"pa_climat-cold-greenhouse","8":"pa_difficulte-culture-beginner","9":"pa_exposition-lumineuse-full-light","10":"pa_taille-average","12":"first","13":"outofstock","14":"shipping-taxable","15":"purchasable","16":"product-type-simple"},"yoast_head":"<!-- This site is optimized with the Yoast SEO plugin v27.1.1 - https:\/\/yoast.com\/product\/yoast-seo-wordpress\/ -->\n<title>Dros\u00e9ra X Elo\u00efsiana Giant - Carnivores.Zone<\/title>\n<meta name=\"robots\" content=\"index, follow, max-snippet:-1, max-image-preview:large, max-video-preview:-1\" \/>\n<link rel=\"canonical\" href=\"https:\/\/carnivores.zone\/en\/produit\/drosera-x-eloisiana-giant-2\/\" \/>\n<meta property=\"og:locale\" content=\"en_US\" \/>\n<meta property=\"og:type\" content=\"article\" \/>\n<meta property=\"og:title\" content=\"Dros\u00e9ra X Elo\u00efsiana Giant - Carnivores.Zone\" \/>\n<meta property=\"og:description\" content=\"Sent in pots with a minimum of 2 plants! Natural hybrid of Dros\u00e9ra Interm\u00e9dia and Dros\u00e9ra Rotundifolia. Perennial plant, 7 cm in diameter. Resistant to temperatures down to -5\u00b0c, it hibernates in winter, lives for several years and can be grown in full sun. Growing conditions for Dros\u00e9ra X Elo\u00efsiana Giant: SUBSTRAT Your choice : [&hellip;]\" \/>\n<meta property=\"og:url\" content=\"https:\/\/carnivores.zone\/en\/produit\/drosera-x-eloisiana-giant-2\/\" \/>\n<meta property=\"og:site_name\" content=\"Carnivores.Zone\" \/>\n<meta property=\"article:publisher\" content=\"https:\/\/www.facebook.com\/Carnivores.Zone\" \/>\n<meta property=\"article:modified_time\" content=\"2024-06-16T22:00:04+00:00\" \/>\n<meta property=\"og:image\" content=\"https:\/\/carnivores.zone\/wp-content\/uploads\/2024\/04\/IMG_3779.jpeg\" \/>\n\t<meta property=\"og:image:width\" content=\"900\" \/>\n\t<meta property=\"og:image:height\" content=\"1200\" \/>\n\t<meta property=\"og:image:type\" content=\"image\/jpeg\" \/>\n<meta name=\"twitter:card\" content=\"summary_large_image\" \/>\n<meta name=\"twitter:site\" content=\"@CarnivoresZ\" \/>\n<meta name=\"twitter:label1\" content=\"Est. reading time\" \/>\n\t<meta name=\"twitter:data1\" content=\"1 minute\" \/>\n<script type=\"application\/ld+json\" class=\"yoast-schema-graph\">{\"@context\":\"https:\/\/schema.org\",\"@graph\":[{\"@type\":\"WebPage\",\"@id\":\"https:\/\/carnivores.zone\/en\/produit\/drosera-x-eloisiana-giant-2\/\",\"url\":\"https:\/\/carnivores.zone\/en\/produit\/drosera-x-eloisiana-giant-2\/\",\"name\":\"Dros\u00e9ra X Elo\u00efsiana Giant - Carnivores.Zone\",\"isPartOf\":{\"@id\":\"https:\/\/carnivores.zone\/#website\"},\"primaryImageOfPage\":{\"@id\":\"https:\/\/carnivores.zone\/en\/produit\/drosera-x-eloisiana-giant-2\/#primaryimage\"},\"image\":{\"@id\":\"https:\/\/carnivores.zone\/en\/produit\/drosera-x-eloisiana-giant-2\/#primaryimage\"},\"thumbnailUrl\":\"https:\/\/carnivores.zone\/wp-content\/uploads\/2024\/04\/IMG_3779.jpeg\",\"datePublished\":\"2024-04-07T06:21:58+00:00\",\"dateModified\":\"2024-06-16T22:00:04+00:00\",\"breadcrumb\":{\"@id\":\"https:\/\/carnivores.zone\/en\/produit\/drosera-x-eloisiana-giant-2\/#breadcrumb\"},\"inLanguage\":\"en-US\",\"potentialAction\":[{\"@type\":\"ReadAction\",\"target\":[\"https:\/\/carnivores.zone\/en\/produit\/drosera-x-eloisiana-giant-2\/\"]}]},{\"@type\":\"ImageObject\",\"inLanguage\":\"en-US\",\"@id\":\"https:\/\/carnivores.zone\/en\/produit\/drosera-x-eloisiana-giant-2\/#primaryimage\",\"url\":\"https:\/\/carnivores.zone\/wp-content\/uploads\/2024\/04\/IMG_3779.jpeg\",\"contentUrl\":\"https:\/\/carnivores.zone\/wp-content\/uploads\/2024\/04\/IMG_3779.jpeg\",\"width\":900,\"height\":1200},{\"@type\":\"BreadcrumbList\",\"@id\":\"https:\/\/carnivores.zone\/en\/produit\/drosera-x-eloisiana-giant-2\/#breadcrumb\",\"itemListElement\":[{\"@type\":\"ListItem\",\"position\":1,\"name\":\"Accueil\",\"item\":\"https:\/\/carnivores.zone\/en\/\"},{\"@type\":\"ListItem\",\"position\":2,\"name\":\"Our Catalog\",\"item\":\"https:\/\/carnivores.zone\/en\/tous-les-produits\/\"},{\"@type\":\"ListItem\",\"position\":3,\"name\":\"Dros\u00e9ra X Elo\u00efsiana Giant\"}]},{\"@type\":\"WebSite\",\"@id\":\"https:\/\/carnivores.zone\/#website\",\"url\":\"https:\/\/carnivores.zone\/\",\"name\":\"Carnivores.Zone\",\"description\":\"Sale of carnivorous plants between individuals\",\"publisher\":{\"@id\":\"https:\/\/carnivores.zone\/#organization\"},\"potentialAction\":[{\"@type\":\"SearchAction\",\"target\":{\"@type\":\"EntryPoint\",\"urlTemplate\":\"https:\/\/carnivores.zone\/?s={search_term_string}\"},\"query-input\":{\"@type\":\"PropertyValueSpecification\",\"valueRequired\":true,\"valueName\":\"search_term_string\"}}],\"inLanguage\":\"en-US\"},{\"@type\":\"Organization\",\"@id\":\"https:\/\/carnivores.zone\/#organization\",\"name\":\"Carnivores.Zone\",\"url\":\"https:\/\/carnivores.zone\/\",\"logo\":{\"@type\":\"ImageObject\",\"inLanguage\":\"en-US\",\"@id\":\"https:\/\/carnivores.zone\/#\/schema\/logo\/image\/\",\"url\":\"https:\/\/carnivores.zone\/wp-content\/uploads\/2019\/05\/logo_carnivores_zone_200.png\",\"contentUrl\":\"https:\/\/carnivores.zone\/wp-content\/uploads\/2019\/05\/logo_carnivores_zone_200.png\",\"width\":200,\"height\":199,\"caption\":\"Carnivores.Zone\"},\"image\":{\"@id\":\"https:\/\/carnivores.zone\/#\/schema\/logo\/image\/\"},\"sameAs\":[\"https:\/\/www.facebook.com\/Carnivores.Zone\",\"https:\/\/x.com\/CarnivoresZ\",\"https:\/\/www.instagram.com\/carnivores.zone\/\",\"https:\/\/www.youtube.com\/channel\/UCpoNl8t1IKC2XQzwV07sHZg\"]}]}<\/script>\n<!-- \/ Yoast SEO plugin. -->","yoast_head_json":{"title":"Dros\u00e9ra X Elo\u00efsiana Giant - Carnivores.Zone","robots":{"index":"index","follow":"follow","max-snippet":"max-snippet:-1","max-image-preview":"max-image-preview:large","max-video-preview":"max-video-preview:-1"},"canonical":"https:\/\/carnivores.zone\/en\/produit\/drosera-x-eloisiana-giant-2\/","og_locale":"en_US","og_type":"article","og_title":"Dros\u00e9ra X Elo\u00efsiana Giant - Carnivores.Zone","og_description":"Sent in pots with a minimum of 2 plants! Natural hybrid of Dros\u00e9ra Interm\u00e9dia and Dros\u00e9ra Rotundifolia. Perennial plant, 7 cm in diameter. Resistant to temperatures down to -5\u00b0c, it hibernates in winter, lives for several years and can be grown in full sun. Growing conditions for Dros\u00e9ra X Elo\u00efsiana Giant: SUBSTRAT Your choice : [&hellip;]","og_url":"https:\/\/carnivores.zone\/en\/produit\/drosera-x-eloisiana-giant-2\/","og_site_name":"Carnivores.Zone","article_publisher":"https:\/\/www.facebook.com\/Carnivores.Zone","article_modified_time":"2024-06-16T22:00:04+00:00","og_image":[{"width":900,"height":1200,"url":"https:\/\/carnivores.zone\/wp-content\/uploads\/2024\/04\/IMG_3779.jpeg","type":"image\/jpeg"}],"twitter_card":"summary_large_image","twitter_site":"@CarnivoresZ","twitter_misc":{"Est. reading time":"1 minute"},"schema":{"@context":"https:\/\/schema.org","@graph":[{"@type":"WebPage","@id":"https:\/\/carnivores.zone\/en\/produit\/drosera-x-eloisiana-giant-2\/","url":"https:\/\/carnivores.zone\/en\/produit\/drosera-x-eloisiana-giant-2\/","name":"Dros\u00e9ra X Elo\u00efsiana Giant - Carnivores.Zone","isPartOf":{"@id":"https:\/\/carnivores.zone\/#website"},"primaryImageOfPage":{"@id":"https:\/\/carnivores.zone\/en\/produit\/drosera-x-eloisiana-giant-2\/#primaryimage"},"image":{"@id":"https:\/\/carnivores.zone\/en\/produit\/drosera-x-eloisiana-giant-2\/#primaryimage"},"thumbnailUrl":"https:\/\/carnivores.zone\/wp-content\/uploads\/2024\/04\/IMG_3779.jpeg","datePublished":"2024-04-07T06:21:58+00:00","dateModified":"2024-06-16T22:00:04+00:00","breadcrumb":{"@id":"https:\/\/carnivores.zone\/en\/produit\/drosera-x-eloisiana-giant-2\/#breadcrumb"},"inLanguage":"en-US","potentialAction":[{"@type":"ReadAction","target":["https:\/\/carnivores.zone\/en\/produit\/drosera-x-eloisiana-giant-2\/"]}]},{"@type":"ImageObject","inLanguage":"en-US","@id":"https:\/\/carnivores.zone\/en\/produit\/drosera-x-eloisiana-giant-2\/#primaryimage","url":"https:\/\/carnivores.zone\/wp-content\/uploads\/2024\/04\/IMG_3779.jpeg","contentUrl":"https:\/\/carnivores.zone\/wp-content\/uploads\/2024\/04\/IMG_3779.jpeg","width":900,"height":1200},{"@type":"BreadcrumbList","@id":"https:\/\/carnivores.zone\/en\/produit\/drosera-x-eloisiana-giant-2\/#breadcrumb","itemListElement":[{"@type":"ListItem","position":1,"name":"Accueil","item":"https:\/\/carnivores.zone\/en\/"},{"@type":"ListItem","position":2,"name":"Our Catalog","item":"https:\/\/carnivores.zone\/en\/tous-les-produits\/"},{"@type":"ListItem","position":3,"name":"Dros\u00e9ra X Elo\u00efsiana Giant"}]},{"@type":"WebSite","@id":"https:\/\/carnivores.zone\/#website","url":"https:\/\/carnivores.zone\/","name":"Carnivores.Zone","description":"Sale of carnivorous plants between individuals","publisher":{"@id":"https:\/\/carnivores.zone\/#organization"},"potentialAction":[{"@type":"SearchAction","target":{"@type":"EntryPoint","urlTemplate":"https:\/\/carnivores.zone\/?s={search_term_string}"},"query-input":{"@type":"PropertyValueSpecification","valueRequired":true,"valueName":"search_term_string"}}],"inLanguage":"en-US"},{"@type":"Organization","@id":"https:\/\/carnivores.zone\/#organization","name":"Carnivores.Zone","url":"https:\/\/carnivores.zone\/","logo":{"@type":"ImageObject","inLanguage":"en-US","@id":"https:\/\/carnivores.zone\/#\/schema\/logo\/image\/","url":"https:\/\/carnivores.zone\/wp-content\/uploads\/2019\/05\/logo_carnivores_zone_200.png","contentUrl":"https:\/\/carnivores.zone\/wp-content\/uploads\/2019\/05\/logo_carnivores_zone_200.png","width":200,"height":199,"caption":"Carnivores.Zone"},"image":{"@id":"https:\/\/carnivores.zone\/#\/schema\/logo\/image\/"},"sameAs":["https:\/\/www.facebook.com\/Carnivores.Zone","https:\/\/x.com\/CarnivoresZ","https:\/\/www.instagram.com\/carnivores.zone\/","https:\/\/www.youtube.com\/channel\/UCpoNl8t1IKC2XQzwV07sHZg"]}]}},"_links":{"self":[{"href":"https:\/\/carnivores.zone\/en\/wp-json\/wp\/v2\/product\/112473","targetHints":{"allow":["GET"]}}],"collection":[{"href":"https:\/\/carnivores.zone\/en\/wp-json\/wp\/v2\/product"}],"about":[{"href":"https:\/\/carnivores.zone\/en\/wp-json\/wp\/v2\/types\/product"}],"wp:featuredmedia":[{"embeddable":true,"href":"https:\/\/carnivores.zone\/en\/wp-json\/wp\/v2\/media\/112448"}],"wp:attachment":[{"href":"https:\/\/carnivores.zone\/en\/wp-json\/wp\/v2\/media?parent=112473"}],"wp:term":[{"taxonomy":"product_brand","embeddable":true,"href":"https:\/\/carnivores.zone\/en\/wp-json\/wp\/v2\/product_brand?post=112473"},{"taxonomy":"product_cat","embeddable":true,"href":"https:\/\/carnivores.zone\/en\/wp-json\/wp\/v2\/product_cat?post=112473"},{"taxonomy":"product_tag","embeddable":true,"href":"https:\/\/carnivores.zone\/en\/wp-json\/wp\/v2\/product_tag?post=112473"}],"curies":[{"name":"wp","href":"https:\/\/api.w.org\/{rel}","templated":true}]}}