{"id":98305,"date":"2019-11-20T17:16:21","date_gmt":"2019-11-20T16:16:21","guid":{"rendered":"https:\/\/carnivores.zone\/country-not-delivered\/"},"modified":"2023-05-09T17:31:38","modified_gmt":"2023-05-09T15:31:38","slug":"country-not-delivered","status":"publish","type":"page","link":"https:\/\/carnivores.zone\/en\/country-not-delivered\/","title":{"rendered":"Country not delivered"},"content":{"rendered":"\n<p><strong>The plant(s) you wish to purchase are not available for delivery to the country you are interested in?  <\/strong><\/p>\n\n<p>Fill out this form, we will contact the seller to suggest the addition of this destination and we will contact you when it becomes available.<\/p>\n\n<div style=\"height:40px\" aria-hidden=\"true\" class=\"wp-block-spacer\"><\/div>\n\n<div class=\"wpcf7 no-js\" id=\"wpcf7-f102205-o1\" lang=\"en-US\" dir=\"ltr\" data-wpcf7-id=\"102205\">\n<div class=\"screen-reader-response\"><p role=\"status\" aria-live=\"polite\" aria-atomic=\"true\"><\/p> <ul><\/ul><\/div>\n<form action=\"\/en\/wp-json\/wp\/v2\/pages\/98305#wpcf7-f102205-o1\" method=\"post\" class=\"wpcf7-form init\" aria-label=\"Contact form\" novalidate=\"novalidate\" data-status=\"init\">\n<fieldset class=\"hidden-fields-container\"><input type=\"hidden\" name=\"_wpcf7\" value=\"102205\" \/><input type=\"hidden\" name=\"_wpcf7_version\" value=\"6.1.5\" \/><input type=\"hidden\" name=\"_wpcf7_locale\" value=\"en_US\" \/><input type=\"hidden\" name=\"_wpcf7_unit_tag\" value=\"wpcf7-f102205-o1\" \/><input type=\"hidden\" name=\"_wpcf7_container_post\" value=\"0\" \/><input type=\"hidden\" name=\"_wpcf7_posted_data_hash\" value=\"\" \/><input type=\"hidden\" name=\"_wpcf7_recaptcha_response\" value=\"\" \/>\n<\/fieldset>\n<p><label> Your email address (required)<br \/>\n<span class=\"wpcf7-form-control-wrap\" data-name=\"your-email\"><input size=\"40\" maxlength=\"400\" class=\"wpcf7-form-control wpcf7-email wpcf7-validates-as-required wpcf7-text wpcf7-validates-as-email\" aria-required=\"true\" aria-invalid=\"false\" value=\"\" type=\"email\" name=\"your-email\" \/><\/span> <\/label>\n<\/p>\n<p><label>Plant name or page address (required)<br \/>\n<span class=\"wpcf7-form-control-wrap\" data-name=\"text-url-produit\"><input size=\"40\" maxlength=\"400\" class=\"wpcf7-form-control wpcf7-text wpcf7-validates-as-required\" aria-required=\"true\" aria-invalid=\"false\" value=\"\" type=\"text\" name=\"text-url-produit\" \/><\/span><br \/>\n<\/label>\n<\/p>\n<p><label> Country to be delivered (required)<br \/>\n[select* menu-pays id:pays \"\" \"Afghanistan\" \"Afrique du Sud\" \"Albanie\" \"Alg\u00e9rie\" \"Allemagne\" \"Andorre\" \"Angola\" \"Anguilla\" \"Antarctique\" \"Antigua-et-Barbuda\" \"Antilles N\u00e9erlandaises\" \"Arabie Saoudite\" \"Argentine\" \"Arm\u00e9nie\" \"Aruba\" \"Australie\" \"Autriche\" \"Azerba\u00efdjan\" \"Bahamas\" \"Bahre\u00efn\" \"Bangladesh\" \"Barbade\" \"B\u00e9larus\" \"Belgique\" \"Belize\" \"B\u00e9nin\" \"Bermudes\" \"Bhoutan\" \"Bolivie\" \"Bosnie-Herz\u00e9govine\" \"Botswana\" \"Br\u00e9sil\" \"Brun\u00e9i Darussalam\" \"Bulgarie\" \"Burkina Faso\" \"Burundi\" \"Cambodge\" \"Cameroun\" \"Canada\" \"Cap-vert\" \"Chili\" \"Chine\" \"Chypre\" \"Colombie\" \"Comores\" \"Costa Rica\" \"C\u00f4te d\" ivoire=\"\" \"Croatie\" \"Cuba\" \"Danemark\" \"Djibouti\" \"Dominique\" \"\u00c9gypte\" \"El Salvador\" \"\u00c9mirats Arabes Unis\" \"\u00c9quateur\" \"\u00c9rythr\u00e9e\" \"Espagne\" \"Estonie\" \"\u00c9tats F\u00e9d\u00e9r\u00e9s de Micron\u00e9sie\" \"\u00c9tats-Unis\" \"\u00c9thiopie\" \"F\u00e9d\u00e9ration de Russie\" \"Fidji\" \"Finlande\" \"France\" \"Gabon\" \"Gambie\" \"G\u00e9orgie\" \"G\u00e9orgie du Sud et les \u00celes Sandwich du Sud\" \"Ghana\" \"Gibraltar\" \"Gr\u00e8ce\" \"Grenade\" \"Groenland\" \"Guadeloupe\" \"Guam\" \"Guatemala\" \"Guin\u00e9e\" \"Guin\u00e9e \u00c9quatoriale\" \"Guin\u00e9e-Bissau\" \"Guyana\" \"Guyane Fran\u00e7aise\" \"Ha\u00efti\" \"Honduras\" \"Hong-Kong\" \"Hongrie\" \"\u00cele Bouvet\" \"\u00cele Christmas\" \"\u00cele de Man\" \"\u00cele Norfolk\" \"\u00celes (malvinas) Falkland\" \"\u00celes \u00c5land\" \"\u00celes Ca\u00efmanes\" \"\u00celes Cocos (Keeling)\" \"\u00celes Cook\" \"\u00celes F\u00e9ro\u00e9\" \"\u00celes Heard et Mcdonald\" \"\u00celes Mariannes du Nord\" \"\u00celes Marshall\" \"\u00celes Mineures \u00c9loign\u00e9es des \u00c9tats-Unis\" \"\u00celes Salomon\" \"\u00celes Turks et Ca\u00efques\" \"\u00celes Vierges Britanniques\" \"\u00celes Vierges des \u00c9tats-Unis\" \"Inde\" \"Indon\u00e9sie\" \"Iraq\" \"Irlande\" \"Islande\" \"Isra\u00ebl\" \"Italie\" \"Jamahiriya Arabe Libyenne\" \"Jama\u00efque\" \"Japon\" \"Jordanie\" \"Kazakhstan\" \"Kenya\" \"Kirghizistan\" \"Kiribati\" \"Kowe\u00eft\" \"L\" ex-r=\"\" yougoslave=\"\" de=\"\" mac=\"\" \"Lesotho\" \"Lettonie\" \"Liban\" \"Lib\u00e9ria\" \"Liechtenstein\" \"Lituanie\" \"Luxembourg\" \"Macao\" \"Madagascar\" \"Malaisie\" \"Malawi\" \"Maldives\" \"Mali\" \"Malte\" \"Maroc\" \"Martinique\" \"Maurice\" \"Mauritanie\" \"Mayotte\" \"Mexique\" \"Monaco\" \"Mongolie\" \"Montserrat\" \"Mozambique\" \"Myanmar\" \"Namibie\" \"Nauru\" \"N\u00e9pal\" \"Nicaragua\" \"Niger\" \"Nig\u00e9ria\" \"Niu\u00e9\" \"Norv\u00e8ge\" \"Nouvelle-Cal\u00e9donie\" \"Nouvelle-Z\u00e9lande\" \"Oman\" \"Ouganda\" \"Ouzb\u00e9kistan\" \"Pakistan\" \"Palaos\" \"Panama\" \"Papouasie-Nouvelle-Guin\u00e9e\" \"Paraguay\" \"Pays-Bas\" \"P\u00e9rou\" \"Philippines\" \"Pitcairn\" \"Pologne\" \"Polyn\u00e9sie Fran\u00e7aise\" \"Porto Rico\" \"Portugal\" \"Qatar\" \"R\u00e9publique Arabe Syrienne\" \"R\u00e9publique Centrafricaine\" \"R\u00e9publique de Cor\u00e9e\" \"R\u00e9publique de Moldova\" \"R\u00e9publique D\u00e9mocratique du Congo\" \"R\u00e9publique D\u00e9mocratique Populaire Lao\" \"R\u00e9publique Dominicaine\" \"R\u00e9publique du Congo\" \"R\u00e9publique Islamique d\" iran=\"\" \"R\u00e9publique Populaire D\u00e9mocratique de Cor\u00e9e\" \"R\u00e9publique Tch\u00e8que\" \"R\u00e9publique-Unie de Tanzanie\" \"R\u00e9union\" \"Roumanie\" \"Royaume-Uni\" \"Rwanda\" \"Sahara Occidental\" \"Saint-Kitts-et-Nevis\" \"Saint-Marin\" \"Saint-Pierre-et-Miquelon\" \"Saint-Si\u00e8ge (\u00e9tat de la Cit\u00e9 du Vatican)\" \"Saint-Vincent-et-les Grenadines\" \"Sainte-H\u00e9l\u00e8ne\" \"Sainte-Lucie\" \"Samoa\" \"Samoa Am\u00e9ricaines\" \"Sao Tom\u00e9-et-Principe\" \"S\u00e9n\u00e9gal\" \"Serbie-et-Mont\u00e9n\u00e9gro\" \"Seychelles\" \"Sierra Leone\" \"Singapour\" \"Slovaquie\" \"Slov\u00e9nie\" \"Somalie\" \"Soudan\" \"Sri Lanka\" \"Su\u00e8de\" \"Suisse\" \"Suriname\" \"Svalbard et\u00cele Jan Mayen\" \"Swaziland\" \"Tadjikistan\" \"Ta\u00efwan\" \"Tchad\" \"Terres Australes Fran\u00e7aises\" \"Territoire Britannique de l\" oc=\"\" indien=\"\" \"Territoire Palestinien Occup\u00e9\" \"Tha\u00eflande\" \"Timor-Leste\" \"Togo\" \"Tokelau\" \"Tonga\" \"Trinit\u00e9-et-Tobago\" \"Tunisie\" \"Turkm\u00e9nistan\" \"Turquie\" \"Tuvalu\" \"Ukraine\" \"Uruguay\" \"Vanuatu\" \"Venezuela\" \"Viet Nam\" \"Wallis et Futuna\" \"Y\u00e9men\" \"Zambie\" \"Zimbabwe\"]<br \/>\n<\/label>\n<\/p>\n<p><label> Observations \/ Comments<br \/>\n<span class=\"wpcf7-form-control-wrap\" data-name=\"textarea-observations\"><textarea cols=\"40\" rows=\"10\" maxlength=\"2000\" class=\"wpcf7-form-control wpcf7-textarea\" aria-invalid=\"false\" name=\"textarea-observations\"><\/textarea><\/span><br \/>\n<\/label>\n<\/p>\n<p><input class=\"wpcf7-form-control wpcf7-submit has-spinner\" type=\"submit\" value=\"Envoyer\" \/>\n<\/p><div class=\"wpcf7-response-output\" aria-hidden=\"true\"><\/div>\n<\/form>\n<\/div>\n\n","protected":false},"excerpt":{"rendered":"<p>The plant(s) you wish to purchase are not available for delivery to the country you are interested in? Fill out this form, we will contact the seller to suggest the addition of this destination and we will contact you when it becomes available.<\/p>\n","protected":false},"author":70,"featured_media":0,"parent":0,"menu_order":0,"comment_status":"closed","ping_status":"closed","template":"","meta":{"footnotes":""},"class_list":["post-98305","page","type-page","status-publish","hentry"],"yoast_head":"<!-- This site is optimized with the Yoast SEO plugin v27.1.1 - https:\/\/yoast.com\/product\/yoast-seo-wordpress\/ -->\n<title>Country not delivered - Carnivores.Zone<\/title>\n<meta name=\"robots\" content=\"index, follow, max-snippet:-1, max-image-preview:large, max-video-preview:-1\" \/>\n<link rel=\"canonical\" href=\"https:\/\/carnivores.zone\/en\/?page_id=98305\" \/>\n<meta property=\"og:locale\" content=\"en_US\" \/>\n<meta property=\"og:type\" content=\"article\" \/>\n<meta property=\"og:title\" content=\"Country not delivered - Carnivores.Zone\" \/>\n<meta property=\"og:description\" content=\"The plant(s) you wish to purchase are not available for delivery to the country you are interested in? Fill out this form, we will contact the seller to suggest the addition of this destination and we will contact you when it becomes available.\" \/>\n<meta property=\"og:url\" content=\"https:\/\/carnivores.zone\/en\/?page_id=98305\" \/>\n<meta property=\"og:site_name\" content=\"Carnivores.Zone\" \/>\n<meta property=\"article:publisher\" content=\"https:\/\/www.facebook.com\/Carnivores.Zone\" \/>\n<meta property=\"article:modified_time\" content=\"2023-05-09T15:31:38+00:00\" \/>\n<meta property=\"og:image\" content=\"https:\/\/carnivores.zone\/wp-content\/uploads\/2020\/10\/logo_todo.png\" \/>\n\t<meta property=\"og:image:width\" content=\"1200\" \/>\n\t<meta property=\"og:image:height\" content=\"1200\" \/>\n\t<meta property=\"og:image:type\" content=\"image\/png\" \/>\n<meta name=\"twitter:card\" content=\"summary_large_image\" \/>\n<meta name=\"twitter:site\" content=\"@CarnivoresZ\" \/>\n<script type=\"application\/ld+json\" class=\"yoast-schema-graph\">{\"@context\":\"https:\/\/schema.org\",\"@graph\":[{\"@type\":\"WebPage\",\"@id\":\"https:\/\/carnivores.zone\/en\/?page_id=98305\",\"url\":\"https:\/\/carnivores.zone\/en\/?page_id=98305\",\"name\":\"Country not delivered - Carnivores.Zone\",\"isPartOf\":{\"@id\":\"https:\/\/carnivores.zone\/#website\"},\"datePublished\":\"2019-11-20T16:16:21+00:00\",\"dateModified\":\"2023-05-09T15:31:38+00:00\",\"breadcrumb\":{\"@id\":\"https:\/\/carnivores.zone\/en\/?page_id=98305#breadcrumb\"},\"inLanguage\":\"en-US\",\"potentialAction\":[{\"@type\":\"ReadAction\",\"target\":[\"https:\/\/carnivores.zone\/en\/?page_id=98305\"]}]},{\"@type\":\"BreadcrumbList\",\"@id\":\"https:\/\/carnivores.zone\/en\/?page_id=98305#breadcrumb\",\"itemListElement\":[{\"@type\":\"ListItem\",\"position\":1,\"name\":\"Accueil\",\"item\":\"https:\/\/carnivores.zone\/en\/\"},{\"@type\":\"ListItem\",\"position\":2,\"name\":\"Country not delivered\"}]},{\"@type\":\"WebSite\",\"@id\":\"https:\/\/carnivores.zone\/#website\",\"url\":\"https:\/\/carnivores.zone\/\",\"name\":\"Carnivores.Zone\",\"description\":\"Sale of carnivorous plants between individuals\",\"publisher\":{\"@id\":\"https:\/\/carnivores.zone\/#organization\"},\"potentialAction\":[{\"@type\":\"SearchAction\",\"target\":{\"@type\":\"EntryPoint\",\"urlTemplate\":\"https:\/\/carnivores.zone\/?s={search_term_string}\"},\"query-input\":{\"@type\":\"PropertyValueSpecification\",\"valueRequired\":true,\"valueName\":\"search_term_string\"}}],\"inLanguage\":\"en-US\"},{\"@type\":\"Organization\",\"@id\":\"https:\/\/carnivores.zone\/#organization\",\"name\":\"Carnivores.Zone\",\"url\":\"https:\/\/carnivores.zone\/\",\"logo\":{\"@type\":\"ImageObject\",\"inLanguage\":\"en-US\",\"@id\":\"https:\/\/carnivores.zone\/#\/schema\/logo\/image\/\",\"url\":\"https:\/\/carnivores.zone\/wp-content\/uploads\/2019\/05\/logo_carnivores_zone_200.png\",\"contentUrl\":\"https:\/\/carnivores.zone\/wp-content\/uploads\/2019\/05\/logo_carnivores_zone_200.png\",\"width\":200,\"height\":199,\"caption\":\"Carnivores.Zone\"},\"image\":{\"@id\":\"https:\/\/carnivores.zone\/#\/schema\/logo\/image\/\"},\"sameAs\":[\"https:\/\/www.facebook.com\/Carnivores.Zone\",\"https:\/\/x.com\/CarnivoresZ\",\"https:\/\/www.instagram.com\/carnivores.zone\/\",\"https:\/\/www.youtube.com\/channel\/UCpoNl8t1IKC2XQzwV07sHZg\"]}]}<\/script>\n<!-- \/ Yoast SEO plugin. -->","yoast_head_json":{"title":"Country not delivered - Carnivores.Zone","robots":{"index":"index","follow":"follow","max-snippet":"max-snippet:-1","max-image-preview":"max-image-preview:large","max-video-preview":"max-video-preview:-1"},"canonical":"https:\/\/carnivores.zone\/en\/?page_id=98305","og_locale":"en_US","og_type":"article","og_title":"Country not delivered - Carnivores.Zone","og_description":"The plant(s) you wish to purchase are not available for delivery to the country you are interested in? Fill out this form, we will contact the seller to suggest the addition of this destination and we will contact you when it becomes available.","og_url":"https:\/\/carnivores.zone\/en\/?page_id=98305","og_site_name":"Carnivores.Zone","article_publisher":"https:\/\/www.facebook.com\/Carnivores.Zone","article_modified_time":"2023-05-09T15:31:38+00:00","og_image":[{"width":1200,"height":1200,"url":"https:\/\/carnivores.zone\/wp-content\/uploads\/2020\/10\/logo_todo.png","type":"image\/png"}],"twitter_card":"summary_large_image","twitter_site":"@CarnivoresZ","schema":{"@context":"https:\/\/schema.org","@graph":[{"@type":"WebPage","@id":"https:\/\/carnivores.zone\/en\/?page_id=98305","url":"https:\/\/carnivores.zone\/en\/?page_id=98305","name":"Country not delivered - Carnivores.Zone","isPartOf":{"@id":"https:\/\/carnivores.zone\/#website"},"datePublished":"2019-11-20T16:16:21+00:00","dateModified":"2023-05-09T15:31:38+00:00","breadcrumb":{"@id":"https:\/\/carnivores.zone\/en\/?page_id=98305#breadcrumb"},"inLanguage":"en-US","potentialAction":[{"@type":"ReadAction","target":["https:\/\/carnivores.zone\/en\/?page_id=98305"]}]},{"@type":"BreadcrumbList","@id":"https:\/\/carnivores.zone\/en\/?page_id=98305#breadcrumb","itemListElement":[{"@type":"ListItem","position":1,"name":"Accueil","item":"https:\/\/carnivores.zone\/en\/"},{"@type":"ListItem","position":2,"name":"Country not delivered"}]},{"@type":"WebSite","@id":"https:\/\/carnivores.zone\/#website","url":"https:\/\/carnivores.zone\/","name":"Carnivores.Zone","description":"Sale of carnivorous plants between individuals","publisher":{"@id":"https:\/\/carnivores.zone\/#organization"},"potentialAction":[{"@type":"SearchAction","target":{"@type":"EntryPoint","urlTemplate":"https:\/\/carnivores.zone\/?s={search_term_string}"},"query-input":{"@type":"PropertyValueSpecification","valueRequired":true,"valueName":"search_term_string"}}],"inLanguage":"en-US"},{"@type":"Organization","@id":"https:\/\/carnivores.zone\/#organization","name":"Carnivores.Zone","url":"https:\/\/carnivores.zone\/","logo":{"@type":"ImageObject","inLanguage":"en-US","@id":"https:\/\/carnivores.zone\/#\/schema\/logo\/image\/","url":"https:\/\/carnivores.zone\/wp-content\/uploads\/2019\/05\/logo_carnivores_zone_200.png","contentUrl":"https:\/\/carnivores.zone\/wp-content\/uploads\/2019\/05\/logo_carnivores_zone_200.png","width":200,"height":199,"caption":"Carnivores.Zone"},"image":{"@id":"https:\/\/carnivores.zone\/#\/schema\/logo\/image\/"},"sameAs":["https:\/\/www.facebook.com\/Carnivores.Zone","https:\/\/x.com\/CarnivoresZ","https:\/\/www.instagram.com\/carnivores.zone\/","https:\/\/www.youtube.com\/channel\/UCpoNl8t1IKC2XQzwV07sHZg"]}]}},"_links":{"self":[{"href":"https:\/\/carnivores.zone\/en\/wp-json\/wp\/v2\/pages\/98305","targetHints":{"allow":["GET"]}}],"collection":[{"href":"https:\/\/carnivores.zone\/en\/wp-json\/wp\/v2\/pages"}],"about":[{"href":"https:\/\/carnivores.zone\/en\/wp-json\/wp\/v2\/types\/page"}],"author":[{"embeddable":true,"href":"https:\/\/carnivores.zone\/en\/wp-json\/wp\/v2\/users\/70"}],"replies":[{"embeddable":true,"href":"https:\/\/carnivores.zone\/en\/wp-json\/wp\/v2\/comments?post=98305"}],"version-history":[{"count":2,"href":"https:\/\/carnivores.zone\/en\/wp-json\/wp\/v2\/pages\/98305\/revisions"}],"predecessor-version":[{"id":98318,"href":"https:\/\/carnivores.zone\/en\/wp-json\/wp\/v2\/pages\/98305\/revisions\/98318"}],"wp:attachment":[{"href":"https:\/\/carnivores.zone\/en\/wp-json\/wp\/v2\/media?parent=98305"}],"curies":[{"name":"wp","href":"https:\/\/api.w.org\/{rel}","templated":true}]}}